{"id":241,"date":"2023-09-13T14:24:00","date_gmt":"2023-09-13T12:24:00","guid":{"rendered":"https:\/\/rigaenvaxonline.es\/avis-legal\/"},"modified":"2023-09-15T11:11:39","modified_gmt":"2023-09-15T09:11:39","slug":"avis-legal","status":"publish","type":"page","link":"https:\/\/rigaenvaxonline.es\/ca\/avis-legal\/","title":{"rendered":"Av\u00eds Legal"},"content":{"rendered":"\n<p>En compliment de la LOPD (Llei Org\u00e0nica de Protecci\u00f3 de dades de car\u00e0cter personal 15\/1999 de 13 de desembre), RIGAPLAST INDUSTRIAL S.A. F\u00e0brica de bosses de pl\u00e0stic i paper l&#8217;informa que les seves dades formen part d&#8217;un fitxer per poder informar dels nostres productes. Pot exercir el dret d&#8217;acc\u00e9s, rectificaci\u00f3, oposici\u00f3 i cancel\u00b7laci\u00f3 de les seves dades, dirigint-se per escrit a industrial@rigaenvax.com o b\u00e9 a RIGAPLAST INDUSTRIAL, S.A. Cami de Sagraments 65, nau 24 d&#8217;Abrera 08630- Barcelona (SPAIN)<\/p>\n\n<p>L&#8217;\u00fas d&#8217;aquesta web i el seu contingut implica l&#8217;acceptaci\u00f3 d&#8217;aquest av\u00eds legal i pol\u00edtica de privacitat.<\/p>\n","protected":false},"excerpt":{"rendered":"<p>En compliment de la LOPD (Llei Org\u00e0nica de Protecci\u00f3 de dades de car\u00e0cter personal 15\/1999 de 13 de desembre), RIGAPLAST INDUSTRIAL S.A. [&hellip;]<\/p>\n","protected":false},"author":1,"featured_media":0,"parent":0,"menu_order":0,"comment_status":"closed","ping_status":"closed","template":"","meta":{"footnotes":""},"class_list":["post-241","page","type-page","status-publish","hentry"],"_links":{"self":[{"href":"https:\/\/rigaenvaxonline.es\/ca\/wp-json\/wp\/v2\/pages\/241","targetHints":{"allow":["GET"]}}],"collection":[{"href":"https:\/\/rigaenvaxonline.es\/ca\/wp-json\/wp\/v2\/pages"}],"about":[{"href":"https:\/\/rigaenvaxonline.es\/ca\/wp-json\/wp\/v2\/types\/page"}],"author":[{"embeddable":true,"href":"https:\/\/rigaenvaxonline.es\/ca\/wp-json\/wp\/v2\/users\/1"}],"replies":[{"embeddable":true,"href":"https:\/\/rigaenvaxonline.es\/ca\/wp-json\/wp\/v2\/comments?post=241"}],"version-history":[{"count":1,"href":"https:\/\/rigaenvaxonline.es\/ca\/wp-json\/wp\/v2\/pages\/241\/revisions"}],"predecessor-version":[{"id":242,"href":"https:\/\/rigaenvaxonline.es\/ca\/wp-json\/wp\/v2\/pages\/241\/revisions\/242"}],"wp:attachment":[{"href":"https:\/\/rigaenvaxonline.es\/ca\/wp-json\/wp\/v2\/media?parent=241"}],"curies":[{"name":"wp","href":"https:\/\/api.w.org\/{rel}","templated":true}]}}