{"id":239,"date":"2023-09-15T10:08:01","date_gmt":"2023-09-15T08:08:01","guid":{"rendered":"https:\/\/rigaenvaxonline.es\/declaracio-d-accessibilitat\/"},"modified":"2023-09-15T11:09:10","modified_gmt":"2023-09-15T09:09:10","slug":"declaracio-d-accessibilitat","status":"publish","type":"page","link":"https:\/\/rigaenvaxonline.es\/ca\/declaracio-d-accessibilitat\/","title":{"rendered":"Declaraci\u00f3 d&#8217; accessibilitat"},"content":{"rendered":"\t\t<div data-elementor-type=\"wp-page\" data-elementor-id=\"239\" class=\"elementor elementor-239 elementor-222\">\n\t\t\t\t\t\t\t\t\t<section class=\"elementor-section elementor-top-section elementor-element elementor-element-34e8308 elementor-section-boxed elementor-section-height-default elementor-section-height-default\" data-id=\"34e8308\" data-element_type=\"section\">\n\t\t\t\t\t\t<div class=\"elementor-container elementor-column-gap-default\">\n\t\t\t\t\t<div class=\"elementor-column elementor-col-100 elementor-top-column elementor-element elementor-element-60f903c\" data-id=\"60f903c\" data-element_type=\"column\">\n\t\t\t<div class=\"elementor-widget-wrap elementor-element-populated\">\n\t\t\t\t\t\t\t\t<div class=\"elementor-element elementor-element-bc27ae6 elementor-widget elementor-widget-text-editor\" data-id=\"bc27ae6\" data-element_type=\"widget\" data-widget_type=\"text-editor.default\">\n\t\t\t\t<div class=\"elementor-widget-container\">\n\t\t\t<style>\/*! elementor - v3.15.0 - 20-08-2023 *\/\n.elementor-widget-text-editor.elementor-drop-cap-view-stacked .elementor-drop-cap{background-color:#69727d;color:#fff}.elementor-widget-text-editor.elementor-drop-cap-view-framed .elementor-drop-cap{color:#69727d;border:3px solid;background-color:transparent}.elementor-widget-text-editor:not(.elementor-drop-cap-view-default) .elementor-drop-cap{margin-top:8px}.elementor-widget-text-editor:not(.elementor-drop-cap-view-default) .elementor-drop-cap-letter{width:1em;height:1em}.elementor-widget-text-editor .elementor-drop-cap{float:left;text-align:center;line-height:1;font-size:50px}.elementor-widget-text-editor .elementor-drop-cap-letter{display:inline-block}<\/style>\t\t\t\t<p><span style=\"color: #000000;\">RIGAPLAST INDUSTRIAL, S.A. s&#8217;ha comprom\u00e8s a fer accessible el seu lloc web, de conformitat amb el Reial Decret 1112\/2018, de 7 de setembre, sobre accessibilitat dels llocs web i aplicacions per a dispositius m\u00f2bils del sector p\u00fablic.<\/span><\/p>\n<p><span style=\"color: #000000;\">La present declaraci\u00f3 d&#8217; accessibilitat s&#8217; aplica al lloc web https:\/\/rigaenvaxonline.es\/:<\/span><\/p>\n<p><span style=\"color: #000000;\"><b>Situaci\u00f3 de compliment<\/b><\/span><br \/><span style=\"color: #000000;\">Aquest lloc web \u00e9s conforme amb el RD 1112\/2018 a causa dels aspectes que es declaren a continuaci\u00f3:<\/span><\/p>\n<p><span style=\"color: #000000;\"><b>Contingut no accessible<br \/><\/b>No aplica<\/span><\/p>\n<p><span style=\"color: #000000;\"><b>Manca de conformitat amb el RD 1112\/2018<br \/><\/b>No aplica<\/span><\/p>\n<p><span style=\"color: #000000;\"><b>C\u00e0rrega desproporcionada<br \/><\/b>No aplica.<\/span><\/p>\n<p><span style=\"color: #000000;\"><b>El contingut no entra dins l&#8217; \u00e0mbit de la legislaci\u00f3 aplicable<br \/><\/b>Podrien existir arxius ofim\u00e0tics en PDF o altres formats publicats abans del 03 d&#8217;Abril de 2023 que no compleixin en la seva totalitat tots els requisits d&#8217;accessibilitat. Tot i que a data actual es compleixen amb totalitat.<\/span><\/p>\n<p><span style=\"color: #000000;\">Aquesta declaraci\u00f3 va ser preparada el 15 de Setembre de 2023.<\/span><\/p>\n<p><span style=\"color: #000000;\">El m\u00e8tode emprat per preparar la declaraci\u00f3 ha estat una autoavaluaci\u00f3 duta a terme pel webmaster Cristian Caballero Santos.<\/span><\/p>\n<p><span style=\"color: #000000;\"><b>Observacions i dades de contacte<br \/><\/b>Pot realitzar comunicacions sobre requisits d&#8217;accessibilitat (article 10.2.a del RD 1112\/2018) com, per exemple:<\/span><\/p>\n<p><span style=\"color: #000000;\">Informar sobre qualsevol possible incompliment per part d&#8217;aquest lloc web<\/span><br \/><span style=\"color: #000000;\">Transmetre altres dificultats d&#8217; acc\u00e9s al contingut<\/span><br \/><span style=\"color: #000000;\">Formular qualsevol altra consulta o suggeriment de millora relativa a l&#8217;accessibilitat del lloc web<\/span><br \/><span style=\"color: #000000;\">a trav\u00e9s del formulari de contacte d&#8217;aquest lloc web o a trav\u00e9s del n\u00famero de tel\u00e8fon (+34) 937 704 700.<\/span><\/p>\n<p><span style=\"color: #000000;\"><b>Pot presentar:<\/b><\/span><\/p>\n<p><span style=\"color: #000000;\">Queixa relativa al compliment dels requisits del RD 1112\/2018 o<\/span><br \/><span style=\"color: #000000;\">Sol\u00b7licitud d&#8217;Informaci\u00f3 accessible relativa a:<\/span><br \/><span style=\"color: #000000;\">Continguts que estan exclosos de l&#8217;\u00e0mbit d&#8217;aplicaci\u00f3 del RD 1112\/2018 segons el que estableix l&#8217;article 3, apartat 4<\/span><br \/><span style=\"color: #000000;\">Continguts que estan exempts del compliment dels requisits d&#8217; accessibilitat per imposar una c\u00e0rrega desproporcionada<\/span><br \/><span style=\"color: #000000;\">En la Sol\u00b7licitud d&#8217;informaci\u00f3 accessible, s&#8217;ha de concretar, amb tota claredat, els fets, raons i petici\u00f3 que permetin constatar que es tracta d&#8217;una sol\u00b7licitud raonable i leg\u00edtima.<\/span><\/p>\n<p><span style=\"color: #000000;\">Les queixes i reclamacions sobre informaci\u00f3 accessible es realitzaran a trav\u00e9s del web (https:\/\/rigaenvaxonline.es\/contacto), i seran rebudes i tractades per l&#8217;\u00e0rea de Sistemes de la Informaci\u00f3 de https:\/\/rigaenvaxonline.es\/<\/span><\/p>\n<p><span style=\"color: #000000;\"><b>T\u00cdTOLS:<\/b><\/span><\/p>\n<p><span style=\"color: #000000;\">Totes les p\u00e0gines estan amb el seu t\u00edtol identificatiu, a m\u00e9s descriu la p\u00e0gina, \u00e9s breu i \u00fanic.  <\/span><br \/><span style=\"color: #000000;\"><b>ENCAP\u00c7ALATS:<\/b><\/span><\/p>\n<p><span style=\"color: #000000;\">Tots els encap\u00e7alats segueixen un ordre, marquen l&#8217;estructura del document  <\/span><br \/><span style=\"color: #000000;\">Estan ben definits<\/span><br \/><span style=\"color: #000000;\"><b>IMATGES:<\/b><\/span><\/p>\n<p><span style=\"color: #000000;\">Totes les imatges tenen text alternatiu<\/span><br \/><span style=\"color: #000000;\">Tots els textos s\u00f3n funcionals i estan escrits segons el context<\/span><br \/><span style=\"color: #000000;\"><b>CONTRAST DE COLOR:<\/b><\/span><\/p>\n<p><span style=\"color: #000000;\">S&#8217;han utilitzat colors amb contrastos de 10.25.1 en blanc sobre granat i 21:1 en negre sobre blanc.<\/span><\/p>\n<p><span style=\"color: #000000;\">granat: #880000<\/span><\/p>\n<p><span style=\"color: #000000;\">negre: #000<\/span><\/p>\n<p><span style=\"color: #000000;\">blanc: #fff<\/span><br \/><span style=\"color: #000000;\"><b>REESCALAR TEXT<\/b><\/span><\/p>\n<p><span style=\"color: #000000;\">Tot el text augmenta<\/span><br \/><span style=\"color: #000000;\">No desapareix<\/span><br \/><span style=\"color: #000000;\">No se superposa<\/span><br \/><span style=\"color: #000000;\">Grum, camps, controls s\u00f3n visibles i usables<\/span><br \/><span style=\"color: #000000;\">No apareix scroll horitzontal<\/span><br \/><span style=\"color: #000000;\"><b>ACC\u00c9S PER TECLAT I FOCUS VISIBLE<\/b><\/span><\/p>\n<p><span style=\"color: #000000;\">Podem arribar a tots els elements per teclat<\/span><br \/><span style=\"color: #000000;\">No hi ha trampes de teclat<\/span><br \/><span style=\"color: #000000;\">Que l&#8217; ordre del focus segueix l&#8217; ordre de lectura<\/span><br \/><span style=\"color: #000000;\"><b>FORMULARIS<\/b><\/span><\/p>\n<p><span style=\"color: #000000;\">Ben etiquetat<\/span><br \/><span style=\"color: #000000;\">Navegable per teclat<\/span><br \/><span style=\"color: #000000;\">Instruccions clares<\/span><br \/><span style=\"color: #000000;\">Gesti\u00f3 dels errors<\/span><br \/><span style=\"color: #000000;\">Ajut a l&#8217; usuari<\/span><br \/><span style=\"color: #000000;\"><b>CONTINGUT EN MOVIMENT:<\/b><\/span><\/p>\n<p><span style=\"color: #000000;\">Moviments, destells, parpadets, etc&#8230; no existeixen<\/span><br \/><span style=\"color: #000000;\">No hi ha m\u00e9s moviments<\/span><br \/><span style=\"color: #000000;\"><b>ALTERNATIVES AL MULTIM\u00c8DIA<\/b><\/span><\/p>\n<p><span style=\"color: #000000;\">No hi ha alternatives en \u00e0udio o v\u00eddeo.  <\/span><br \/><span style=\"color: #000000;\"><b>COMPROVAR L&#8217; ESTRUCTURA<\/b><\/span><\/p>\n<p><span style=\"color: #000000;\">La informaci\u00f3 t\u00e9 sentit<\/span><br \/><span style=\"color: #000000;\">L&#8217; ordre dels blocs \u00e9s adequat<\/span><br \/><span style=\"color: #000000;\">Aquest portal est\u00e0 dissenyat per poder canviar la mida del text i el color, aix\u00ed com el fons de la p\u00e0gina mitjan\u00e7ant les opcions de configuraci\u00f3 est\u00e0ndard dels navegadors.<\/span><\/p>\n<p><span style=\"color: #000000;\">Si desitja canviar la mida de lletra del text en els principals navegadors gr\u00e0fics utilitzi els seg\u00fcents men\u00fas:<\/span><\/p>\n<p><span style=\"color: #000000;\">Internet Explorer, Mozilla i Firefox: Veure &gt; Mida del text<\/span><br \/><span style=\"color: #000000;\">Opera: Veure &gt; Zoom<\/span><br \/><span style=\"color: #000000;\">Safari: Veure &gt; Fer el text m\u00e9s gran<\/span><br \/><span style=\"color: #000000;\">Chrome: Controla la p\u00e0gina actual &gt; Mida del text<\/span><br \/><span style=\"color: #000000;\">Per modificar la mida de tot a la p\u00e0gina:<\/span><br \/><span style=\"color: #000000;\">Ctrl + + per augmentar-lo<\/span><br \/><span style=\"color: #000000;\">Ctrl + \u2013 per disminuir-lo<\/span><br \/><span style=\"color: #000000;\">Ctrl + 0 restaura la mida original del text<\/span><br \/><span style=\"color: #000000;\">Si el que vol \u00e9s anul\u00b7lar el full d&#8217;estils o modificar el color del text, pot consultar la p\u00e0gina How to Change Text Size or Colors de la WAI, que es pot llegir tradu\u00efda a l&#8217;espanyol a Com canviar la mida del text o colors?<\/span><\/p>\n\t\t\t\t\t\t<\/div>\n\t\t\t\t<\/div>\n\t\t\t\t\t<\/div>\n\t\t<\/div>\n\t\t\t\t\t\t\t<\/div>\n\t\t<\/section>\n\t\t\t\t\t\t\t<\/div>\n\t\t","protected":false},"excerpt":{"rendered":"<p>RIGAPLAST INDUSTRIAL, S.A. s&#8217;ha comprom\u00e8s a fer accessible el seu lloc web, de conformitat amb el Reial Decret 1112\/2018, de 7 de [&hellip;]<\/p>\n","protected":false},"author":1,"featured_media":0,"parent":0,"menu_order":0,"comment_status":"closed","ping_status":"closed","template":"elementor_header_footer","meta":{"footnotes":""},"class_list":["post-239","page","type-page","status-publish","hentry"],"_links":{"self":[{"href":"https:\/\/rigaenvaxonline.es\/ca\/wp-json\/wp\/v2\/pages\/239","targetHints":{"allow":["GET"]}}],"collection":[{"href":"https:\/\/rigaenvaxonline.es\/ca\/wp-json\/wp\/v2\/pages"}],"about":[{"href":"https:\/\/rigaenvaxonline.es\/ca\/wp-json\/wp\/v2\/types\/page"}],"author":[{"embeddable":true,"href":"https:\/\/rigaenvaxonline.es\/ca\/wp-json\/wp\/v2\/users\/1"}],"replies":[{"embeddable":true,"href":"https:\/\/rigaenvaxonline.es\/ca\/wp-json\/wp\/v2\/comments?post=239"}],"version-history":[{"count":1,"href":"https:\/\/rigaenvaxonline.es\/ca\/wp-json\/wp\/v2\/pages\/239\/revisions"}],"predecessor-version":[{"id":240,"href":"https:\/\/rigaenvaxonline.es\/ca\/wp-json\/wp\/v2\/pages\/239\/revisions\/240"}],"wp:attachment":[{"href":"https:\/\/rigaenvaxonline.es\/ca\/wp-json\/wp\/v2\/media?parent=239"}],"curies":[{"name":"wp","href":"https:\/\/api.w.org\/{rel}","templated":true}]}}