{"id":237,"date":"2023-09-13T16:23:09","date_gmt":"2023-09-13T14:23:09","guid":{"rendered":"https:\/\/rigaenvaxonline.es\/politica-de-cookies\/"},"modified":"2023-09-21T09:06:01","modified_gmt":"2023-09-21T07:06:01","slug":"politica-de-cookies","status":"publish","type":"page","link":"https:\/\/rigaenvaxonline.es\/ca\/politica-de-cookies\/","title":{"rendered":"Pol\u00edtica de Cookies"},"content":{"rendered":"\t\t<div data-elementor-type=\"wp-page\" data-elementor-id=\"237\" class=\"elementor elementor-237 elementor-171\">\n\t\t\t\t\t\t\t\t\t<section class=\"elementor-section elementor-top-section elementor-element elementor-element-8abe390 elementor-section-boxed elementor-section-height-default elementor-section-height-default\" data-id=\"8abe390\" data-element_type=\"section\">\n\t\t\t\t\t\t<div class=\"elementor-container elementor-column-gap-default\">\n\t\t\t\t\t<div class=\"elementor-column elementor-col-100 elementor-top-column elementor-element elementor-element-48556b1\" data-id=\"48556b1\" data-element_type=\"column\">\n\t\t\t<div class=\"elementor-widget-wrap\">\n\t\t\t\t\t\t\t\t\t<\/div>\n\t\t<\/div>\n\t\t\t\t\t\t\t<\/div>\n\t\t<\/section>\n\t\t\t\t<section class=\"elementor-section elementor-top-section elementor-element elementor-element-3ef8d4a elementor-section-boxed elementor-section-height-default elementor-section-height-default\" data-id=\"3ef8d4a\" data-element_type=\"section\">\n\t\t\t\t\t\t<div class=\"elementor-container elementor-column-gap-default\">\n\t\t\t\t\t<div class=\"elementor-column elementor-col-100 elementor-top-column elementor-element elementor-element-b8bc4e4\" data-id=\"b8bc4e4\" data-element_type=\"column\">\n\t\t\t<div class=\"elementor-widget-wrap elementor-element-populated\">\n\t\t\t\t\t\t\t\t<section class=\"elementor-section elementor-inner-section elementor-element elementor-element-335ccf7 elementor-section-boxed elementor-section-height-default elementor-section-height-default\" data-id=\"335ccf7\" data-element_type=\"section\">\n\t\t\t\t\t\t<div class=\"elementor-container elementor-column-gap-default\">\n\t\t\t\t\t<div class=\"elementor-column elementor-col-100 elementor-inner-column elementor-element elementor-element-ea9dea7\" data-id=\"ea9dea7\" data-element_type=\"column\">\n\t\t\t<div class=\"elementor-widget-wrap elementor-element-populated\">\n\t\t\t\t\t\t\t\t<div class=\"elementor-element elementor-element-123548e elementor-widget elementor-widget-spacer\" data-id=\"123548e\" data-element_type=\"widget\" data-widget_type=\"spacer.default\">\n\t\t\t\t<div class=\"elementor-widget-container\">\n\t\t\t<style>\/*! elementor - v3.15.0 - 20-08-2023 *\/\n.elementor-column .elementor-spacer-inner{height:var(--spacer-size)}.e-con{--container-widget-width:100%}.e-con-inner>.elementor-widget-spacer,.e-con>.elementor-widget-spacer{width:var(--container-widget-width,var(--spacer-size));--align-self:var(--container-widget-align-self,initial);--flex-shrink:0}.e-con-inner>.elementor-widget-spacer>.elementor-widget-container,.e-con-inner>.elementor-widget-spacer>.elementor-widget-container>.elementor-spacer,.e-con>.elementor-widget-spacer>.elementor-widget-container,.e-con>.elementor-widget-spacer>.elementor-widget-container>.elementor-spacer{height:100%}.e-con-inner>.elementor-widget-spacer>.elementor-widget-container>.elementor-spacer>.elementor-spacer-inner,.e-con>.elementor-widget-spacer>.elementor-widget-container>.elementor-spacer>.elementor-spacer-inner{height:var(--container-widget-height,var(--spacer-size))}<\/style>\t\t<div class=\"elementor-spacer\">\n\t\t\t<div class=\"elementor-spacer-inner\"><\/div>\n\t\t<\/div>\n\t\t\t\t<\/div>\n\t\t\t\t<\/div>\n\t\t\t\t<div class=\"elementor-element elementor-element-a212cd6 elementor-widget elementor-widget-text-editor\" data-id=\"a212cd6\" data-element_type=\"widget\" data-widget_type=\"text-editor.default\">\n\t\t\t\t<div class=\"elementor-widget-container\">\n\t\t\t<style>\/*! elementor - v3.15.0 - 20-08-2023 *\/\n.elementor-widget-text-editor.elementor-drop-cap-view-stacked .elementor-drop-cap{background-color:#69727d;color:#fff}.elementor-widget-text-editor.elementor-drop-cap-view-framed .elementor-drop-cap{color:#69727d;border:3px solid;background-color:transparent}.elementor-widget-text-editor:not(.elementor-drop-cap-view-default) .elementor-drop-cap{margin-top:8px}.elementor-widget-text-editor:not(.elementor-drop-cap-view-default) .elementor-drop-cap-letter{width:1em;height:1em}.elementor-widget-text-editor .elementor-drop-cap{float:left;text-align:center;line-height:1;font-size:50px}.elementor-widget-text-editor .elementor-drop-cap-letter{display:inline-block}<\/style>\t\t\t\t<p>POL\u00cdTICA DE COOKIES<\/p>\n<p>Una cookie \u00e9s un fitxer que es descarrega al seu ordinador en accedir a determinades p\u00e0gines web. Les cookies permeten a una p\u00e0gina web, entre altres coses, emmagatzemar i recuperar informaci\u00f3 sobre els h\u00e0bits de navegaci\u00f3 d&#8217;un usuari o del seu equip i, depenent de la informaci\u00f3 que continguin i de la forma en qu\u00e8 utilitzi el seu equip, poden utilitzar-se per recon\u00e8ixer l&#8217;usuari.<\/p>\n<p>Aquest lloc web, igual que la majoria dels llocs a Internet, utilitza Cookies per millorar i optimitzar l&#8217;experi\u00e8ncia de l&#8217;usuari. A continuaci\u00f3 trobar\u00e0 informaci\u00f3 detallada sobre la tipologia de Cookies que utilitza aquest lloc web, sobre com pot desactivar-les al seu navegador i de com bloquejar espec\u00edficament la instal\u00b7laci\u00f3 de Cookies de tercers.<\/p>\n<p>TIPUS DE COOKIES QUE UTILITZA LA P\u00c0GINA WEB I LA SEVA FINALITAT<\/p>\n<p>De funcionament. Aquestes cookies permeten la navegaci\u00f3 a trav\u00e9s del web i la utilitzaci\u00f3 de les diferents opcions o serveis que es presten. Tamb\u00e9 s&#8217;utilitzen per millorar la seva experi\u00e8ncia de navegaci\u00f3 i per optimitzar el funcionament de la nostra p\u00e0gina. Emmagatzemen configuracions de serveis perqu\u00e8 l&#8217;usuari no hagi de reconfigurar-los cada vegada que ens visita.<\/p>\n<p>Anal\u00edtiques. Aquestes cookies s&#8217;utilitzen per recollir informaci\u00f3 sobre l&#8217;\u00fas del nostre lloc web per part dels visitants. Utilitzem la informaci\u00f3 per elaborar informes i per millorar el lloc. Aquestes cookies s&#8217;associen \u00fanicament a un usuari an\u00f2nim i al seu ordinador\/dispositiu sense proporcionar refer\u00e8ncies que permetin con\u00e8ixer dades personals. Recullen el nombre de visitants al lloc, el temps que duren les visites, el navegador, el tipus de terminal, el lloc de proced\u00e8ncia dels visitants i les p\u00e0gines visitades.<\/p>\n<p>L&#8217;\u00fas de Cookies ens permet facilitar la navegaci\u00f3 de l&#8217;usuari i adaptar la informaci\u00f3 i els serveis que oferim als seus interessos.<br \/>Les cookies es fan servir tant de manera permanent com temporal (cookies de sessi\u00f3). Les cookies permanents s&#8217;emmagatzemen al seu ordinador o dispositiu m\u00f2bil durant un per\u00edode de temps no superior a 24 mesos.<\/p>\n<p>Fem servir cookies pr\u00f2pies i de tercers per recopilar dades estad\u00edstiques de forma agregada a trav\u00e9s de les dades que ens proporciona la seva utilitzaci\u00f3.<\/p>\n<p>TRACTAMENT DE LES COOKIES<\/p>\n<p>La informaci\u00f3 obtinguda del tractament de les cookies \u00e9s tractada per Rigaenvax<\/p>\n<p>QU\u00c8 PASSA SI ES DESHABILITEN LES COOKIES<\/p>\n<p>En tot moment podr\u00e0 accedir a la configuraci\u00f3 del seu navegador per modificar i\/o bloquejar la instal\u00b7laci\u00f3 de les Cookies, per\u00f2 aix\u00f2 pot implicar que algunes funcionalitats quedin deshabilitades i que es pugui veure limitat l&#8217;acc\u00e9s a alguns continguts. La qualitat del funcionament dels serveis es pot veure afectada.<\/p>\n<p>FORMA DE DESACTIVAR O ELIMINAR LES COOKIES<\/p>\n<p>Per permetre, con\u00e8ixer, bloquejar o eliminar les cookies instal\u00b7lades al seu equip, pot fer-ho mitjan\u00e7ant la configuraci\u00f3 de les opcions del navegador instal\u00b7lat al seu ordinador.<br \/>Pot trobar informaci\u00f3 de com fer-ho en el cas que utilitzi un dels seg\u00fcents navegadors:<br \/>Internet Explorer: https:\/\/privacy.microsoft.com\/es-es\/privacystatement<\/p>\n<p>Safari: https:\/\/www.apple.com\/legal\/privacy\/es\/cookies\/ https:\/\/support.apple.com\/es-es\/HT201265 Google Chrome: https:\/\/support.google.com\/chrome\/answer\/95647?hl=es&amp;hlrm=en<br \/>Google: https:\/\/www.google.com\/intl\/es\/policies\/privacy\/<br \/>Firefox: http:\/\/support.mozilla.org\/es\/kb\/Borrar%20cookies<\/p>\n<p>Opera: http:\/\/help.opera.com\/Windows\/11.50\/es-ES\/cookies.html<br \/>Android (Google): https:\/\/www.google.com\/intl\/es\/policies\/privacy\/<br \/>Windows Phone (Microsoft): https:\/\/privacy.microsoft.com\/es-es\/privacystatement<br \/>Blackberry: http:\/\/global.blackberry.com\/es\/legal\/privacy-policy.html<br \/>Tamb\u00e9 pots eliminar f\u00e0cilment les cookies del teu ordinador o dispositiu m\u00f2bil mitjan\u00e7ant l&#8217;\u00fas del teu navegador. Per obtenir indicacions de com gestionar i eliminar les cookies, dir\u00edeu a la pestanya &#8220;Ajuda&#8221; del seu navegador. Podr\u00e0s desactivar les cookies o rebre una notificaci\u00f3 cada vegada que s&#8217;envia una nova cookie al teu ordinador o dispositiu m\u00f2bil. Hi ha eines disponibles on line, que permeten als usuaris detectar les cookies a cada lloc web que visiten i gestionar la seva desactivaci\u00f3 (per exemple, Ghostery: https:\/\/www.ghostery.com\/about-ghostery\/privacy-statements\/, http:\/\/www.ghostery.com\/faq).<\/p>\n<p>ACTUALITZACI\u00d3 DE LA NOSTRA POL\u00cdTICA DE COOKIES<\/p>\n<p>\u00c9s possible que actualitzem la Pol\u00edtica de Cookies del nostre Lloc Web, per aix\u00f2 li recomanem revisar aquesta pol\u00edtica cada vegada que accedeixi al nostre Lloc Web amb l&#8217;objectiu d&#8217;estar adequadament informat sobre com i per a qu\u00e8 fem servir les cookies. Tinguin en compte que els navegadors poden tamb\u00e9 canviar les seves pol\u00edtiques i la ubicaci\u00f3 de la informaci\u00f3.<\/p>\n\t\t\t\t\t\t<\/div>\n\t\t\t\t<\/div>\n\t\t\t\t\t<\/div>\n\t\t<\/div>\n\t\t\t\t\t\t\t<\/div>\n\t\t<\/section>\n\t\t\t\t\t<\/div>\n\t\t<\/div>\n\t\t\t\t\t\t\t<\/div>\n\t\t<\/section>\n\t\t\t\t\t\t\t<\/div>\n\t\t","protected":false},"excerpt":{"rendered":"<p>POL\u00cdTICA DE COOKIES Una cookie \u00e9s un fitxer que es descarrega al seu ordinador en accedir a determinades p\u00e0gines web. Les cookies [&hellip;]<\/p>\n","protected":false},"author":1,"featured_media":0,"parent":0,"menu_order":0,"comment_status":"closed","ping_status":"closed","template":"elementor_header_footer","meta":{"footnotes":""},"class_list":["post-237","page","type-page","status-publish","hentry"],"_links":{"self":[{"href":"https:\/\/rigaenvaxonline.es\/ca\/wp-json\/wp\/v2\/pages\/237","targetHints":{"allow":["GET"]}}],"collection":[{"href":"https:\/\/rigaenvaxonline.es\/ca\/wp-json\/wp\/v2\/pages"}],"about":[{"href":"https:\/\/rigaenvaxonline.es\/ca\/wp-json\/wp\/v2\/types\/page"}],"author":[{"embeddable":true,"href":"https:\/\/rigaenvaxonline.es\/ca\/wp-json\/wp\/v2\/users\/1"}],"replies":[{"embeddable":true,"href":"https:\/\/rigaenvaxonline.es\/ca\/wp-json\/wp\/v2\/comments?post=237"}],"version-history":[{"count":2,"href":"https:\/\/rigaenvaxonline.es\/ca\/wp-json\/wp\/v2\/pages\/237\/revisions"}],"predecessor-version":[{"id":286,"href":"https:\/\/rigaenvaxonline.es\/ca\/wp-json\/wp\/v2\/pages\/237\/revisions\/286"}],"wp:attachment":[{"href":"https:\/\/rigaenvaxonline.es\/ca\/wp-json\/wp\/v2\/media?parent=237"}],"curies":[{"name":"wp","href":"https:\/\/api.w.org\/{rel}","templated":true}]}}